{"id":20211,"date":"2023-03-01T09:59:20","date_gmt":"2023-03-01T02:59:20","guid":{"rendered":"https:\/\/teky.edu.vn\/blog\/?page_id=20211"},"modified":"2023-03-01T09:59:20","modified_gmt":"2023-03-01T02:59:20","slug":"chinh-sach-bao-mat","status":"publish","type":"page","link":"https:\/\/teky.edu.vn\/blog\/chinh-sach-bao-mat\/","title":{"rendered":"Ch\u00ednh s\u00e1ch b\u1ea3o m\u1eadt"},"content":{"rendered":"\r\n<p>TEKY cam k\u1ebft b\u1ea3o v\u1ec7 s\u1ef1 ri\u00eang t\u01b0 c\u1ee7a t\u1ea5t c\u1ea3 ng\u01b0\u1eddi s\u1eed d\u1ee5ng. Xin vui l\u00f2ng \u0111\u1ecdc \u201cCh\u00ednh s\u00e1ch b\u1ea3o m\u1eadt\u201d sau \u0111\u00e2y \u0111\u1ec3 hi\u1ec3u c\u00e1ch ch\u00fang t\u00f4i s\u1eed d\u1ee5ng v\u00e0 b\u1ea3o v\u1ec7 c\u00e1c th\u00f4ng tin m\u00e0 b\u1ea1n cung c\u1ea5p cho ch\u00fang t\u00f4i. B\u1edfi khi ch\u1ea5p nh\u1eadn truy c\u1eadp trang web n\u00e0y v\u00e0\/ho\u1eb7c c\u00e0i \u0111\u1eb7t \u1ee9ng d\u1ee5ng TEKY tr\u00ean thi\u1ebft b\u1ecb di \u0111\u1ed9ng, ngh\u0129a l\u00e0 b\u1ea1n \u0111\u1ed3ng \u00fd v\u1edbi vi\u1ec7c thu th\u1eadp, s\u1eed d\u1ee5ng v\u00e0 chuy\u1ec3n giao th\u00f4ng tin c\u1ee7a b\u1ea1n theo c\u00e1c \u0111i\u1ec1u kho\u1ea3n c\u1ee7a ch\u00ednh s\u00e1ch n\u00e0y.<\/p>\r\n<div id=\"ez-toc-container\" class=\"ez-toc-v2_0_76 counter-hierarchy ez-toc-counter ez-toc-grey ez-toc-container-direction\">\n<div class=\"ez-toc-title-container\">\n<p class=\"ez-toc-title\" style=\"cursor:inherit\">N\u1ed9i dung <\/p>\n<span class=\"ez-toc-title-toggle\"><a href=\"#\" class=\"ez-toc-pull-right ez-toc-btn ez-toc-btn-xs ez-toc-btn-default ez-toc-toggle\" aria-label=\"Toggle Table of Content\"><span class=\"ez-toc-js-icon-con\"><span class=\"\"><span class=\"eztoc-hide\" style=\"display:none;\">Toggle<\/span><span class=\"ez-toc-icon-toggle-span\"><svg style=\"fill: #999;color:#999\" xmlns=\"http:\/\/www.w3.org\/2000\/svg\" class=\"list-377408\" width=\"20px\" height=\"20px\" viewBox=\"0 0 24 24\" fill=\"none\"><path d=\"M6 6H4v2h2V6zm14 0H8v2h12V6zM4 11h2v2H4v-2zm16 0H8v2h12v-2zM4 16h2v2H4v-2zm16 0H8v2h12v-2z\" fill=\"currentColor\"><\/path><\/svg><svg style=\"fill: #999;color:#999\" class=\"arrow-unsorted-368013\" xmlns=\"http:\/\/www.w3.org\/2000\/svg\" width=\"10px\" height=\"10px\" viewBox=\"0 0 24 24\" version=\"1.2\" baseProfile=\"tiny\"><path d=\"M18.2 9.3l-6.2-6.3-6.2 6.3c-.2.2-.3.4-.3.7s.1.5.3.7c.2.2.4.3.7.3h11c.3 0 .5-.1.7-.3.2-.2.3-.5.3-.7s-.1-.5-.3-.7zM5.8 14.7l6.2 6.3 6.2-6.3c.2-.2.3-.5.3-.7s-.1-.5-.3-.7c-.2-.2-.4-.3-.7-.3h-11c-.3 0-.5.1-.7.3-.2.2-.3.5-.3.7s.1.5.3.7z\"\/><\/svg><\/span><\/span><\/span><\/a><\/span><\/div>\n<nav><ul class='ez-toc-list ez-toc-list-level-1 ' ><li class='ez-toc-page-1 ez-toc-heading-level-2'><a class=\"ez-toc-link ez-toc-heading-1\" href=\"https:\/\/teky.edu.vn\/blog\/chinh-sach-bao-mat\/#1_Muc_dich_va_pham_vi_thu_thap_thong_tin\" >1. M\u1ee5c \u0111\u00edch v\u00e0 ph\u1ea1m vi thu th\u1eadp th\u00f4ng tin<\/a><\/li><li class='ez-toc-page-1 ez-toc-heading-level-2'><a class=\"ez-toc-link ez-toc-heading-2\" href=\"https:\/\/teky.edu.vn\/blog\/chinh-sach-bao-mat\/#2_Pham_vi_su_dung_thong_tin\" >2. Ph\u1ea1m vi s\u1eed d\u1ee5ng th\u00f4ng tin<\/a><\/li><li class='ez-toc-page-1 ez-toc-heading-level-2'><a class=\"ez-toc-link ez-toc-heading-3\" href=\"https:\/\/teky.edu.vn\/blog\/chinh-sach-bao-mat\/#3_Thoi_gian_luu_tru_thong_tin\" >3. Th\u1eddi gian l\u01b0u tr\u1eef th\u00f4ng tin<\/a><\/li><li class='ez-toc-page-1 ez-toc-heading-level-2'><a class=\"ez-toc-link ez-toc-heading-4\" href=\"https:\/\/teky.edu.vn\/blog\/chinh-sach-bao-mat\/#4_Dia_chi_cua_don_vi_thu_thap_va_quan_ly_thong_tin_ca_nhan\" >4. \u0110\u1ecba ch\u1ec9 c\u1ee7a \u0111\u01a1n v\u1ecb thu th\u1eadp v\u00e0 qu\u1ea3n l\u00fd th\u00f4ng tin c\u00e1 nh\u00e2n<\/a><\/li><\/ul><\/nav><\/div>\n<h2 class=\"wp-block-heading\"><span class=\"ez-toc-section\" id=\"1_Muc_dich_va_pham_vi_thu_thap_thong_tin\"><\/span><strong>1. M\u1ee5c \u0111\u00edch v\u00e0 ph\u1ea1m vi thu th\u1eadp th\u00f4ng tin<\/strong><span class=\"ez-toc-section-end\"><\/span><\/h2>\r\n<p>TEKY kh\u00f4ng b\u00e1n, chia s\u1ebb hay trao \u0111\u1ed5i th\u00f4ng tin c\u00e1 nh\u00e2n c\u1ee7a kh\u00e1ch h\u00e0ng thu th\u1eadp tr\u00ean trang web cho m\u1ed9t b\u00ean th\u1ee9 ba n\u00e0o kh\u00e1c.<br \/>Th\u00f4ng tin c\u00e1 nh\u00e2n thu th\u1eadp \u0111\u01b0\u1ee3c s\u1ebd ch\u1ec9 \u0111\u01b0\u1ee3c s\u1eed d\u1ee5ng trong n\u1ed9i b\u1ed9 C\u00f4ng ty nh\u1eb1m m\u1ee5c \u0111\u00edch n\u00e2ng cao ch\u1ea5t l\u01b0\u1ee3ng d\u1ecbch v\u1ee5 m\u00e0 TEKY cung c\u1ea5p cho kh\u00e1ch h\u00e0ng.<br \/>Khi b\u1ea1n li\u00ean h\u1ec7 \u0111\u0103ng k\u00fd d\u1ecbch v\u1ee5, th\u00f4ng tin c\u00e1 nh\u00e2n m\u00e0 trang web TEKY \u00a0thu th\u1eadp bao g\u1ed3m(nh\u01b0ng kh\u00f4ng b\u1eaft bu\u1ed9c):<br \/>H\u1ecd v\u00e0 t\u00ean; Ng\u00e0y sinh \u0110i\u1ec7n tho\u1ea1i; Email<br \/>Ngo\u00e0i th\u00f4ng tin c\u00e1 nh\u00e2n l\u00e0 c\u00e1c th\u00f4ng tin v\u1ec1 d\u1ecbch v\u1ee5: Ch\u01b0\u01a1ng tr\u00ecnh h\u1ecdc; T\u00ean ch\u01b0\u01a1ng tr\u00ecnh \u0111\u0103ng k\u00fd tham gia<\/p>\r\n<h2><span class=\"ez-toc-section\" id=\"2_Pham_vi_su_dung_thong_tin\"><\/span><br \/><strong>2. Ph\u1ea1m vi s\u1eed d\u1ee5ng th\u00f4ng tin<\/strong><span class=\"ez-toc-section-end\"><\/span><\/h2>\r\n<p>Th\u00f4ng tin c\u00e1 nh\u00e2n thu th\u1eadp \u0111\u01b0\u1ee3c s\u1ebd ch\u1ec9 \u0111\u01b0\u1ee3c TEKY s\u1eed d\u1ee5ng trong n\u1ed9i b\u1ed9 C\u00f4ng ty v\u00e0 cho m\u1ed9t ho\u1eb7c t\u1ea5t c\u1ea3 c\u00e1c m\u1ee5c \u0111\u00edch sau \u0111\u00e2y:<\/p>\r\n<ul>\r\n<li>H\u1ed7 tr\u1ee3 kh\u00e1ch h\u00e0ng<\/li>\r\n<li>Cung c\u1ea5p th\u00f4ng tin li\u00ean quan \u0111\u1ebfn d\u1ecbch v\u1ee5<\/li>\r\n<li>X\u1eed l\u00fd l\u1ecbch h\u1eb9n v\u00e0 y\u00eau c\u1ea7u cung c\u1ea5p d\u1ecbch v\u1ee5 v\u00e0 th\u00f4ng tin qua trang web\/\u1ee9ng d\u1ee5ng tr\u00ean theo y\u00eau c\u1ea7u c\u1ee7a b\u1ea1n<\/li>\r\n<li>Ch\u00fang t\u00f4i c\u00f3 th\u1ec3 s\u1ebd g\u1eedi th\u00f4ng tin s\u1ea3n ph\u1ea9m, d\u1ecbch v\u1ee5 m\u1edbi, th\u00f4ng tin v\u1ec1 c\u00e1c s\u1ef1 ki\u1ec7n s\u1eafp t\u1edbi ho\u1eb7c th\u00f4ng tin tuy\u1ec3n d\u1ee5ng n\u1ebfu qu\u00fd kh\u00e1ch \u0111\u0103ng k\u00fd nh\u1eadn email th\u00f4ng b\u00e1o.<\/li>\r\n<li>Ngo\u00e0i ra, ch\u00fang t\u00f4i s\u1ebd s\u1eed d\u1ee5ng th\u00f4ng tin b\u1ea1n cung c\u1ea5p \u0111\u1ec3 h\u1ed7 tr\u1ee3 qu\u1ea3n l\u00fd t\u00e0i kho\u1ea3n kh\u00e1ch h\u00e0ng; x\u00e1c nh\u1eadn v\u00e0 th\u1ef1c hi\u1ec7n c\u00e1c giao d\u1ecbch t\u00e0i ch\u00ednh li\u00ean quan \u0111\u1ebfn c\u00e1c kho\u1ea3n thanh to\u00e1n tr\u1ef1c tuy\u1ebfn c\u1ee7a b\u1ea1n (n\u1ebfu c\u00f3);<\/li>\r\n<\/ul>\r\n<h2><span class=\"ez-toc-section\" id=\"3_Thoi_gian_luu_tru_thong_tin\"><\/span><strong>3. Th\u1eddi gian l\u01b0u tr\u1eef th\u00f4ng tin<\/strong><span class=\"ez-toc-section-end\"><\/span><\/h2>\r\n<p>Trong m\u1ecdi tr\u01b0\u1eddng h\u1ee3p th\u00f4ng tin c\u00e1 nh\u00e2n c\u1ee7a kh\u00e1ch h\u00e0ng s\u1ebd \u0111\u01b0\u1ee3c b\u1ea3o m\u1eadt tr\u00ean m\u00e1y ch\u1ee7 c\u1ee7a TEKY.\u00a0 Vi\u1ec7c x\u00f3a d\u1eef li\u1ec7u ch\u1ec9 d\u01b0\u1ee3c th\u1ef1c hi\u1ec7n n\u1ebfu kh\u00e1ch h\u00e0ng c\u00f3 y\u00eau c\u1ea7u.<\/p>\r\n<h2><span class=\"ez-toc-section\" id=\"4_Dia_chi_cua_don_vi_thu_thap_va_quan_ly_thong_tin_ca_nhan\"><\/span><strong>4. \u0110\u1ecba ch\u1ec9 c\u1ee7a \u0111\u01a1n v\u1ecb thu th\u1eadp v\u00e0 qu\u1ea3n l\u00fd th\u00f4ng tin c\u00e1 nh\u00e2n<\/strong><span class=\"ez-toc-section-end\"><\/span><\/h2>\r\n<p><strong>TEKY<\/strong><\/p>\r\n<p>\u0110\u1ecba Ch\u1ec9: T\u1ea7ng 5, MAC Plaza, s\u1ed1 10 Tr\u1ea7n Ph\u00fa, M\u1ed9 Lao, H\u00e0 \u0110\u00f4ng, H\u00e0 N\u1ed9i<br \/>\u0110i\u1ec7n tho\u1ea1i: 096-6989-538 \u2013 Email:<b>support@teky.edu.vn<\/b><\/p>\r\n<p>Website: <a href=\"https:\/\/teky.edu.vn\/\">https:\/\/teky.edu.vn\/<\/a><\/p>\r\n<p><strong>5. Ph\u01b0\u01a1ng ti\u1ec7n v\u00e0 c\u00f4ng c\u1ee5 \u0111\u1ec3 ng\u01b0\u1eddi d\u00f9ng ti\u1ebfp c\u1eadn v\u00e0 ch\u1ec9nh s\u1eeda d\u1eef li\u1ec7u c\u00e1 nh\u00e2n c\u1ee7a m\u00ecnh<\/strong><\/p>\r\n<p><strong>TEKY<\/strong>\u00a0kh\u00f4ng thu th\u1eadp th\u00eam th\u00f4ng tin kh\u00e1c c\u1ee7a kh\u00e1ch h\u00e0ng qua trang web, th\u00f4ng tin c\u00e1 nh\u00e2n kh\u00e1c kh\u00e1ch h\u00e0ng \u0111\u01b0\u1ee3c th\u1ef1c hi\u1ec7n thu th\u1eadp qua s\u1ed1 \u0111i\u1ec7n tho\u1ea1i li\u00ean h\u1ec7 ho\u1eb7c email c\u1ee7a Kh\u00e1ch h\u00e0ng.<br \/>B\u1ea1n c\u00f3 th\u1ec3 li\u00ean h\u1ec7 \u0111\u1ecba ch\u1ec9 email c\u00f9ng s\u1ed1 \u0111i\u1ec7n tho\u1ea1i tr\u00ean \u0111\u1ec3 y\u00eau c\u1ea7u <strong>TEKY<\/strong> ch\u1ec9nh s\u1eeda d\u1eef li\u1ec7u c\u00e1 nh\u00e2n c\u1ee7a m\u00ecnh.<\/p>\r\n<p><br \/><strong>6. Cam k\u1ebft b\u1ea3o m\u1eadt th\u00f4ng tin c\u00e1 nh\u00e2n kh\u00e1ch h\u00e0ng<\/strong><\/p>\r\n<p>T\u1ea1i <strong>TEKY<\/strong>,\u00a0 vi\u1ec7c b\u1ea3o v\u1ec7 th\u00f4ng tin c\u00e1 nh\u00e2n c\u1ee7a kh\u00e1ch h\u00e0ng l\u00e0 r\u1ea5t quan tr\u1ecdng, v\u00e0 vi\u1ec7c \u0111\u01b0\u1ee3c \u0111\u1ea3m b\u1ea3o r\u1eb1ng th\u00f4ng tin cung c\u1ea5p cho <strong>TEKY<\/strong> \u0111\u01b0\u1ee3c b\u1ea3o m\u1eadt. <strong>TEKY<\/strong> cam k\u1ebft kh\u00f4ng chia s\u1ebb, b\u00e1n ho\u1eb7c cho thu\u00ea th\u00f4ng tin c\u00e1 nh\u00e2n c\u1ee7a b\u1ea1n cho b\u1ea5t k\u1ef3 ng\u01b0\u1eddi n\u00e0o kh\u00e1c. <strong>TEKY<\/strong> cam k\u1ebft ch\u1ec9 s\u1eed d\u1ee5ng c\u00e1c th\u00f4ng tin c\u1ee7a b\u1ea1n v\u00e0o c\u00e1c tr\u01b0\u1eddng h\u1ee3p sau:<br \/>N\u00e2ng cao ch\u1ea5t l\u01b0\u1ee3ng d\u1ecbch v\u1ee5 d\u00e0nh cho kh\u00e1ch h\u00e0ng<br \/>Gi\u1ea3i quy\u1ebft c\u00e1c tranh ch\u1ea5p, khi\u1ebfu n\u1ea1i<br \/>Khi c\u01a1 quan ph\u00e1p lu\u1eadt c\u00f3 y\u00eau c\u1ea7u.<br \/><strong>TEKY<\/strong> hi\u1ec3u r\u1eb1ng quy\u1ec1n l\u1ee3i c\u1ee7a kh\u00e1ch h\u00e0ng trong vi\u1ec7c b\u1ea3o v\u1ec7 th\u00f4ng tin c\u00e1 nh\u00e2n c\u0169ng ch\u00ednh l\u00e0 tr\u00e1ch nhi\u1ec7m c\u1ee7a ch\u00fang t\u00f4i n\u00ean trong b\u1ea5t k\u1ef3 tr\u01b0\u1eddng h\u1ee3p c\u00f3 th\u1eafc m\u1eafc, g\u00f3p \u00fd n\u00e0o li\u00ean quan \u0111\u1ebfn ch\u00ednh s\u00e1ch b\u1ea3o m\u1eadt, vui l\u00f2ng li\u00ean h\u1ec7 qua s\u1ed1 hotline 096-6989-538 ho\u1eb7c email: <b>support@teky.edu.vn<\/b><\/p>\r\n\r\n\r\n\r\n\r\n","protected":false},"excerpt":{"rendered":"<p>TEKY cam k\u1ebft b\u1ea3o v\u1ec7 s\u1ef1 ri\u00eang t\u01b0 c\u1ee7a t\u1ea5t c\u1ea3 ng\u01b0\u1eddi s\u1eed d\u1ee5ng. Xin vui l\u00f2ng \u0111\u1ecdc \u201cCh\u00ednh s\u00e1ch b\u1ea3o m\u1eadt\u201d sau \u0111\u00e2y \u0111\u1ec3 hi\u1ec3u c\u00e1ch ch\u00fang t\u00f4i s\u1eed d\u1ee5ng v\u00e0 b\u1ea3o v\u1ec7 c\u00e1c th\u00f4ng tin m\u00e0 b\u1ea1n cung c\u1ea5p cho ch\u00fang t\u00f4i. B\u1edfi khi ch\u1ea5p nh\u1eadn truy c\u1eadp trang web n\u00e0y v\u00e0\/ho\u1eb7c c\u00e0i &hellip;<\/p>\n","protected":false},"author":3,"featured_media":0,"parent":0,"menu_order":0,"comment_status":"closed","ping_status":"closed","template":"","meta":{"footnotes":""},"class_list":["post-20211","page","type-page","status-publish","hentry"],"yoast_head":"<!-- This site is optimized with the Yoast SEO Premium plugin v20.9 (Yoast SEO v26.0) - https:\/\/yoast.com\/wordpress\/plugins\/seo\/ -->\n<title>Ch\u00ednh s\u00e1ch b\u1ea3o m\u1eadt<\/title>\n<meta name=\"robots\" content=\"index, follow, max-snippet:-1, max-image-preview:large, max-video-preview:-1\" \/>\n<link rel=\"canonical\" href=\"https:\/\/teky.edu.vn\/blog\/chinh-sach-bao-mat\/\" \/>\n<meta property=\"og:locale\" content=\"vi_VN\" \/>\n<meta property=\"og:type\" content=\"article\" \/>\n<meta property=\"og:title\" content=\"Ch\u00ednh s\u00e1ch b\u1ea3o m\u1eadt\" \/>\n<meta property=\"og:description\" content=\"TEKY cam k\u1ebft b\u1ea3o v\u1ec7 s\u1ef1 ri\u00eang t\u01b0 c\u1ee7a t\u1ea5t c\u1ea3 ng\u01b0\u1eddi s\u1eed d\u1ee5ng. Xin vui l\u00f2ng \u0111\u1ecdc \u201cCh\u00ednh s\u00e1ch b\u1ea3o m\u1eadt\u201d sau \u0111\u00e2y \u0111\u1ec3 hi\u1ec3u c\u00e1ch ch\u00fang t\u00f4i s\u1eed d\u1ee5ng v\u00e0 b\u1ea3o v\u1ec7 c\u00e1c th\u00f4ng tin m\u00e0 b\u1ea1n cung c\u1ea5p cho ch\u00fang t\u00f4i. B\u1edfi khi ch\u1ea5p nh\u1eadn truy c\u1eadp trang web n\u00e0y v\u00e0\/ho\u1eb7c c\u00e0i &hellip;\" \/>\n<meta property=\"og:url\" content=\"https:\/\/teky.edu.vn\/blog\/chinh-sach-bao-mat\/\" \/>\n<meta property=\"og:site_name\" content=\"TEKY - H\u1ecdc vi\u1ec7n s\u00e1ng t\u1ea1o c\u00f4ng ngh\u1ec7\" \/>\n<meta property=\"article:publisher\" content=\"https:\/\/www.facebook.com\/TekyAcademy\" \/>\n<meta name=\"twitter:card\" content=\"summary_large_image\" \/>\n<meta name=\"twitter:site\" content=\"@SteamTeky\" \/>\n<meta name=\"twitter:label1\" content=\"\u01af\u1edbc t\u00ednh th\u1eddi gian \u0111\u1ecdc\" \/>\n\t<meta name=\"twitter:data1\" content=\"4 ph\u00fat\" \/>\n<script type=\"application\/ld+json\" class=\"yoast-schema-graph\">{\"@context\":\"https:\/\/schema.org\",\"@graph\":[{\"@type\":\"WebPage\",\"@id\":\"https:\/\/teky.edu.vn\/blog\/chinh-sach-bao-mat\/\",\"url\":\"https:\/\/teky.edu.vn\/blog\/chinh-sach-bao-mat\/\",\"name\":\"Ch\u00ednh s\u00e1ch b\u1ea3o m\u1eadt\",\"isPartOf\":{\"@id\":\"https:\/\/teky.edu.vn\/blog\/#website\"},\"datePublished\":\"2023-03-01T02:59:20+00:00\",\"inLanguage\":\"vi\",\"potentialAction\":[{\"@type\":\"ReadAction\",\"target\":[\"https:\/\/teky.edu.vn\/blog\/chinh-sach-bao-mat\/\"]}]},{\"@type\":\"WebSite\",\"@id\":\"https:\/\/teky.edu.vn\/blog\/#website\",\"url\":\"https:\/\/teky.edu.vn\/blog\/\",\"name\":\"TEKY - H\u1ecdc vi\u1ec7n s\u00e1ng t\u1ea1o c\u00f4ng ngh\u1ec7\",\"description\":\"Tr\u1ebb em c\u1ea7n h\u1ecdc l\u1eadp tr\u00ecnh\",\"publisher\":{\"@id\":\"https:\/\/teky.edu.vn\/blog\/#organization\"},\"potentialAction\":[{\"@type\":\"SearchAction\",\"target\":{\"@type\":\"EntryPoint\",\"urlTemplate\":\"https:\/\/teky.edu.vn\/blog\/?s={search_term_string}\"},\"query-input\":{\"@type\":\"PropertyValueSpecification\",\"valueRequired\":true,\"valueName\":\"search_term_string\"}}],\"inLanguage\":\"vi\"},{\"@type\":\"Organization\",\"@id\":\"https:\/\/teky.edu.vn\/blog\/#organization\",\"name\":\"TEKY - H\u1ecdc vi\u1ec7n s\u00e1ng t\u1ea1o c\u00f4ng ngh\u1ec7\",\"url\":\"https:\/\/teky.edu.vn\/blog\/\",\"logo\":{\"@type\":\"ImageObject\",\"inLanguage\":\"vi\",\"@id\":\"https:\/\/teky.edu.vn\/blog\/#\/schema\/logo\/image\/\",\"url\":\"https:\/\/teky.edu.vn\/blog\/wp-content\/uploads\/2021\/02\/logo-teky.png\",\"contentUrl\":\"https:\/\/teky.edu.vn\/blog\/wp-content\/uploads\/2021\/02\/logo-teky.png\",\"width\":495,\"height\":234,\"caption\":\"TEKY - H\u1ecdc vi\u1ec7n s\u00e1ng t\u1ea1o c\u00f4ng ngh\u1ec7\"},\"image\":{\"@id\":\"https:\/\/teky.edu.vn\/blog\/#\/schema\/logo\/image\/\"},\"sameAs\":[\"https:\/\/www.facebook.com\/TekyAcademy\",\"https:\/\/x.com\/SteamTeky\"]}]}<\/script>\n<!-- \/ Yoast SEO Premium plugin. -->","yoast_head_json":{"title":"Ch\u00ednh s\u00e1ch b\u1ea3o m\u1eadt","robots":{"index":"index","follow":"follow","max-snippet":"max-snippet:-1","max-image-preview":"max-image-preview:large","max-video-preview":"max-video-preview:-1"},"canonical":"https:\/\/teky.edu.vn\/blog\/chinh-sach-bao-mat\/","og_locale":"vi_VN","og_type":"article","og_title":"Ch\u00ednh s\u00e1ch b\u1ea3o m\u1eadt","og_description":"TEKY cam k\u1ebft b\u1ea3o v\u1ec7 s\u1ef1 ri\u00eang t\u01b0 c\u1ee7a t\u1ea5t c\u1ea3 ng\u01b0\u1eddi s\u1eed d\u1ee5ng. Xin vui l\u00f2ng \u0111\u1ecdc \u201cCh\u00ednh s\u00e1ch b\u1ea3o m\u1eadt\u201d sau \u0111\u00e2y \u0111\u1ec3 hi\u1ec3u c\u00e1ch ch\u00fang t\u00f4i s\u1eed d\u1ee5ng v\u00e0 b\u1ea3o v\u1ec7 c\u00e1c th\u00f4ng tin m\u00e0 b\u1ea1n cung c\u1ea5p cho ch\u00fang t\u00f4i. B\u1edfi khi ch\u1ea5p nh\u1eadn truy c\u1eadp trang web n\u00e0y v\u00e0\/ho\u1eb7c c\u00e0i &hellip;","og_url":"https:\/\/teky.edu.vn\/blog\/chinh-sach-bao-mat\/","og_site_name":"TEKY - H\u1ecdc vi\u1ec7n s\u00e1ng t\u1ea1o c\u00f4ng ngh\u1ec7","article_publisher":"https:\/\/www.facebook.com\/TekyAcademy","twitter_card":"summary_large_image","twitter_site":"@SteamTeky","twitter_misc":{"\u01af\u1edbc t\u00ednh th\u1eddi gian \u0111\u1ecdc":"4 ph\u00fat"},"schema":{"@context":"https:\/\/schema.org","@graph":[{"@type":"WebPage","@id":"https:\/\/teky.edu.vn\/blog\/chinh-sach-bao-mat\/","url":"https:\/\/teky.edu.vn\/blog\/chinh-sach-bao-mat\/","name":"Ch\u00ednh s\u00e1ch b\u1ea3o m\u1eadt","isPartOf":{"@id":"https:\/\/teky.edu.vn\/blog\/#website"},"datePublished":"2023-03-01T02:59:20+00:00","inLanguage":"vi","potentialAction":[{"@type":"ReadAction","target":["https:\/\/teky.edu.vn\/blog\/chinh-sach-bao-mat\/"]}]},{"@type":"WebSite","@id":"https:\/\/teky.edu.vn\/blog\/#website","url":"https:\/\/teky.edu.vn\/blog\/","name":"TEKY - H\u1ecdc vi\u1ec7n s\u00e1ng t\u1ea1o c\u00f4ng ngh\u1ec7","description":"Tr\u1ebb em c\u1ea7n h\u1ecdc l\u1eadp tr\u00ecnh","publisher":{"@id":"https:\/\/teky.edu.vn\/blog\/#organization"},"potentialAction":[{"@type":"SearchAction","target":{"@type":"EntryPoint","urlTemplate":"https:\/\/teky.edu.vn\/blog\/?s={search_term_string}"},"query-input":{"@type":"PropertyValueSpecification","valueRequired":true,"valueName":"search_term_string"}}],"inLanguage":"vi"},{"@type":"Organization","@id":"https:\/\/teky.edu.vn\/blog\/#organization","name":"TEKY - H\u1ecdc vi\u1ec7n s\u00e1ng t\u1ea1o c\u00f4ng ngh\u1ec7","url":"https:\/\/teky.edu.vn\/blog\/","logo":{"@type":"ImageObject","inLanguage":"vi","@id":"https:\/\/teky.edu.vn\/blog\/#\/schema\/logo\/image\/","url":"https:\/\/teky.edu.vn\/blog\/wp-content\/uploads\/2021\/02\/logo-teky.png","contentUrl":"https:\/\/teky.edu.vn\/blog\/wp-content\/uploads\/2021\/02\/logo-teky.png","width":495,"height":234,"caption":"TEKY - H\u1ecdc vi\u1ec7n s\u00e1ng t\u1ea1o c\u00f4ng ngh\u1ec7"},"image":{"@id":"https:\/\/teky.edu.vn\/blog\/#\/schema\/logo\/image\/"},"sameAs":["https:\/\/www.facebook.com\/TekyAcademy","https:\/\/x.com\/SteamTeky"]}]}},"_links":{"self":[{"href":"https:\/\/teky.edu.vn\/blog\/wp-json\/wp\/v2\/pages\/20211","targetHints":{"allow":["GET"]}}],"collection":[{"href":"https:\/\/teky.edu.vn\/blog\/wp-json\/wp\/v2\/pages"}],"about":[{"href":"https:\/\/teky.edu.vn\/blog\/wp-json\/wp\/v2\/types\/page"}],"author":[{"embeddable":true,"href":"https:\/\/teky.edu.vn\/blog\/wp-json\/wp\/v2\/users\/3"}],"replies":[{"embeddable":true,"href":"https:\/\/teky.edu.vn\/blog\/wp-json\/wp\/v2\/comments?post=20211"}],"version-history":[{"count":0,"href":"https:\/\/teky.edu.vn\/blog\/wp-json\/wp\/v2\/pages\/20211\/revisions"}],"wp:attachment":[{"href":"https:\/\/teky.edu.vn\/blog\/wp-json\/wp\/v2\/media?parent=20211"}],"curies":[{"name":"wp","href":"https:\/\/api.w.org\/{rel}","templated":true}]}}